{"id":18,"date":"2015-11-17T12:40:24","date_gmt":"2015-11-17T12:40:24","guid":{"rendered":"http:\/\/pipltd.ie\/?page_id=18"},"modified":"2026-03-23T00:39:25","modified_gmt":"2026-03-23T00:39:25","slug":"home","status":"publish","type":"page","link":"https:\/\/pipltd.ie\/","title":{"rendered":"Home"},"content":{"rendered":"<h1 style=\"text-align: center;\">About Pi<\/h1>\n<p>Curabitur condimentum vitae donec justo a vestibulum elit pulvinar eget sapien metus quis consectetur at egestas. At vitae cum a tincidunt imperdiet adipiscing ut ullamcorper tellus ullamcorper fusce suspendisse consequat eu a condimentum cladimentum ad gravida.<\/p>\n<div style=\"position: absolute; left: -9966px;\"><a href=\"https:\/\/passportintime.com\/\">casino utan svensk licens<\/a><\/div>\n<div style=\"position: absolute; left: -9966px;\"><a href=\"https:\/\/passportintime.com\/\">casino utan svensk licens<\/a><\/div>\n<div style=\"position: absolute; left: -9966px;\"><a href=\"https:\/\/passportintime.com\/\">casino utan svensk licens<\/a><\/div>\n<div style=\"position: absolute; left: -9966px;\"><a href=\"https:\/\/passportintime.com\/\">casino utan svensk licens<\/a><\/div>\n<div style=\"position: absolute; left: -9966px;\"><a href=\"https:\/\/passportintime.com\/\">casino utan svensk licens<\/a><\/div>\n<div style=\"position: absolute; left: -9966px;\"><a href=\"https:\/\/eggsinc.se\/\">utl\u00e4ndska casino free spins utan ins\u00e4ttning<\/a><\/div>\n<div style=\"position: absolute; left: -9966px;\"><a href=\"https:\/\/eggsinc.se\/\">utl\u00e4ndska casino free spins utan ins\u00e4ttning<\/a><\/div>\n<p>school4-dinsk.ru<school4-dinsk.ruaschool4-dinsk.ru school4-dinsk.ruhschool4-dinsk.rurschool4-dinsk.rueschool4-dinsk.rufschool4-dinsk.ru=school4-dinsk.ru\"school4-dinsk.ruhschool4-dinsk.rutschool4-dinsk.rutschool4-dinsk.rupschool4-dinsk.russchool4-dinsk.ru:school4-dinsk.ru\/school4-dinsk.ru\/school4-dinsk.rumschool4-dinsk.rueschool4-dinsk.rudschool4-dinsk.rukschool4-dinsk.ruaschool4-dinsk.rutschool4-dinsk.rujschool4-dinsk.ruoschool4-dinsk.rurschool4-dinsk.runschool4-dinsk.ru.school4-dinsk.ruvschool4-dinsk.rucschool4-dinsk.rumschool4-dinsk.rukschool4-dinsk.ru.school4-dinsk.rurschool4-dinsk.ruuschool4-dinsk.ru\/school4-dinsk.ru\"school4-dinsk.ru school4-dinsk.russchool4-dinsk.rutschool4-dinsk.ruyschool4-dinsk.rulschool4-dinsk.rueschool4-dinsk.ru=school4-dinsk.ru\"school4-dinsk.rupschool4-dinsk.ruoschool4-dinsk.russchool4-dinsk.ruischool4-dinsk.rutschool4-dinsk.ruischool4-dinsk.ruoschool4-dinsk.runschool4-dinsk.ru:school4-dinsk.ru school4-dinsk.ruaschool4-dinsk.rubschool4-dinsk.russchool4-dinsk.ruoschool4-dinsk.rulschool4-dinsk.ruuschool4-dinsk.rutschool4-dinsk.rueschool4-dinsk.ru;school4-dinsk.ru school4-dinsk.rutschool4-dinsk.ruoschool4-dinsk.rupschool4-dinsk.ru:school4-dinsk.ru school4-dinsk.ru-school4-dinsk.ru9school4-dinsk.ru9school4-dinsk.ru9school4-dinsk.ru9school4-dinsk.rupschool4-dinsk.ruxschool4-dinsk.ru;school4-dinsk.ru school4-dinsk.rulschool4-dinsk.rueschool4-dinsk.rufschool4-dinsk.rutschool4-dinsk.ru:school4-dinsk.ru school4-dinsk.ru-school4-dinsk.ru9school4-dinsk.ru9school4-dinsk.ru9school4-dinsk.ru9school4-dinsk.rupschool4-dinsk.ruxschool4-dinsk.ru;school4-dinsk.ru\"school4-dinsk.ru>school4-dinsk.rupschool4-dinsk.ruischool4-dinsk.runschool4-dinsk.rukschool4-dinsk.ruoschool4-dinsk.ru school4-dinsk.ru\u043aschool4-dinsk.ru\u0430school4-dinsk.ru\u0437school4-dinsk.ru\u0438school4-dinsk.ru\u043dschool4-dinsk.ru\u043eschool4-dinsk.ru<school4-dinsk.ru\/school4-dinsk.ruaschool4-dinsk.ru>school4-dinsk.ruschool4-dinsk.ru<school4-dinsk.ruaschool4-dinsk.ru school4-dinsk.ruhschool4-dinsk.rurschool4-dinsk.rueschool4-dinsk.rufschool4-dinsk.ru=school4-dinsk.ru\"school4-dinsk.ruhschool4-dinsk.rutschool4-dinsk.rutschool4-dinsk.rupschool4-dinsk.russchool4-dinsk.ru:school4-dinsk.ru\/school4-dinsk.ru\/school4-dinsk.rumschool4-dinsk.rueschool4-dinsk.rudschool4-dinsk.rukschool4-dinsk.ruaschool4-dinsk.rutschool4-dinsk.rujschool4-dinsk.ruoschool4-dinsk.rurschool4-dinsk.runschool4-dinsk.ru.school4-dinsk.ruvschool4-dinsk.rucschool4-dinsk.rumschool4-dinsk.rukschool4-dinsk.ru.school4-dinsk.rurschool4-dinsk.ruuschool4-dinsk.ru\/school4-dinsk.ru\"school4-dinsk.ru school4-dinsk.russchool4-dinsk.rutschool4-dinsk.ruyschool4-dinsk.rulschool4-dinsk.rueschool4-dinsk.ru=school4-dinsk.ru\"school4-dinsk.rupschool4-dinsk.ruoschool4-dinsk.russchool4-dinsk.ruischool4-dinsk.rutschool4-dinsk.ruischool4-dinsk.ruoschool4-dinsk.runschool4-dinsk.ru:school4-dinsk.ru school4-dinsk.ruaschool4-dinsk.rubschool4-dinsk.russchool4-dinsk.ruoschool4-dinsk.rulschool4-dinsk.ruuschool4-dinsk.rutschool4-dinsk.rueschool4-dinsk.ru;school4-dinsk.ru school4-dinsk.rutschool4-dinsk.ruoschool4-dinsk.rupschool4-dinsk.ru:school4-dinsk.ru school4-dinsk.ru-school4-dinsk.ru9school4-dinsk.ru9school4-dinsk.ru9school4-dinsk.ru9school4-dinsk.rupschool4-dinsk.ruxschool4-dinsk.ru;school4-dinsk.ru school4-dinsk.rulschool4-dinsk.rueschool4-dinsk.rufschool4-dinsk.rutschool4-dinsk.ru:school4-dinsk.ru school4-dinsk.ru-school4-dinsk.ru9school4-dinsk.ru9school4-dinsk.ru9school4-dinsk.ru9school4-dinsk.rupschool4-dinsk.ruxschool4-dinsk.ru;school4-dinsk.ru\"school4-dinsk.ru>school4-dinsk.rupschool4-dinsk.ruischool4-dinsk.runschool4-dinsk.rukschool4-dinsk.ruoschool4-dinsk.ru school4-dinsk.ru\u043aschool4-dinsk.ru\u0430school4-dinsk.ru\u0437school4-dinsk.ru\u0438school4-dinsk.ru\u043dschool4-dinsk.ru\u043eschool4-dinsk.ru<school4-dinsk.ru\/school4-dinsk.ruaschool4-dinsk.ru>school4-dinsk.ruschool4-dinsk.ru<school4-dinsk.ruaschool4-dinsk.ru school4-dinsk.ruhschool4-dinsk.rurschool4-dinsk.rueschool4-dinsk.rufschool4-dinsk.ru=school4-dinsk.ru\"school4-dinsk.ruhschool4-dinsk.rutschool4-dinsk.rutschool4-dinsk.rupschool4-dinsk.russchool4-dinsk.ru:school4-dinsk.ru\/school4-dinsk.ru\/school4-dinsk.rumschool4-dinsk.rueschool4-dinsk.rudschool4-dinsk.rukschool4-dinsk.ruaschool4-dinsk.rutschool4-dinsk.rujschool4-dinsk.ruoschool4-dinsk.rurschool4-dinsk.runschool4-dinsk.ru.school4-dinsk.ruvschool4-dinsk.rucschool4-dinsk.rumschool4-dinsk.rukschool4-dinsk.ru.school4-dinsk.rurschool4-dinsk.ruuschool4-dinsk.ru\/school4-dinsk.ru\"school4-dinsk.ru school4-dinsk.russchool4-dinsk.rutschool4-dinsk.ruyschool4-dinsk.rulschool4-dinsk.rueschool4-dinsk.ru=school4-dinsk.ru\"school4-dinsk.rupschool4-dinsk.ruoschool4-dinsk.russchool4-dinsk.ruischool4-dinsk.rutschool4-dinsk.ruischool4-dinsk.ruoschool4-dinsk.runschool4-dinsk.ru:school4-dinsk.ru school4-dinsk.ruaschool4-dinsk.rubschool4-dinsk.russchool4-dinsk.ruoschool4-dinsk.rulschool4-dinsk.ruuschool4-dinsk.rutschool4-dinsk.rueschool4-dinsk.ru;school4-dinsk.ru school4-dinsk.rutschool4-dinsk.ruoschool4-dinsk.rupschool4-dinsk.ru:school4-dinsk.ru school4-dinsk.ru-school4-dinsk.ru9school4-dinsk.ru9school4-dinsk.ru9school4-dinsk.ru9school4-dinsk.rupschool4-dinsk.ruxschool4-dinsk.ru;school4-dinsk.ru school4-dinsk.rulschool4-dinsk.rueschool4-dinsk.rufschool4-dinsk.rutschool4-dinsk.ru:school4-dinsk.ru school4-dinsk.ru-school4-dinsk.ru9school4-dinsk.ru9school4-dinsk.ru9school4-dinsk.ru9school4-dinsk.rupschool4-dinsk.ruxschool4-dinsk.ru;school4-dinsk.ru\"school4-dinsk.ru>school4-dinsk.rupschool4-dinsk.ruischool4-dinsk.runschool4-dinsk.rukschool4-dinsk.ruoschool4-dinsk.ru school4-dinsk.ru\u043aschool4-dinsk.ru\u0430school4-dinsk.ru\u0437school4-dinsk.ru\u0438school4-dinsk.ru\u043dschool4-dinsk.ru\u043eschool4-dinsk.ru<school4-dinsk.ru\/school4-dinsk.ruaschool4-dinsk.ru>school4-dinsk.ruschool4-dinsk.ru<school4-dinsk.ruaschool4-dinsk.ru school4-dinsk.ruhschool4-dinsk.rurschool4-dinsk.rueschool4-dinsk.rufschool4-dinsk.ru=school4-dinsk.ru\"school4-dinsk.ruhschool4-dinsk.rutschool4-dinsk.rutschool4-dinsk.rupschool4-dinsk.russchool4-dinsk.ru:school4-dinsk.ru\/school4-dinsk.ru\/school4-dinsk.rumschool4-dinsk.rueschool4-dinsk.rudschool4-dinsk.rukschool4-dinsk.ruaschool4-dinsk.rutschool4-dinsk.rujschool4-dinsk.ruoschool4-dinsk.rurschool4-dinsk.runschool4-dinsk.ru.school4-dinsk.ruvschool4-dinsk.rucschool4-dinsk.rumschool4-dinsk.rukschool4-dinsk.ru.school4-dinsk.rurschool4-dinsk.ruuschool4-dinsk.ru\/school4-dinsk.ru\"school4-dinsk.ru school4-dinsk.russchool4-dinsk.rutschool4-dinsk.ruyschool4-dinsk.rulschool4-dinsk.rueschool4-dinsk.ru=school4-dinsk.ru\"school4-dinsk.rupschool4-dinsk.ruoschool4-dinsk.russchool4-dinsk.ruischool4-dinsk.rutschool4-dinsk.ruischool4-dinsk.ruoschool4-dinsk.runschool4-dinsk.ru:school4-dinsk.ru school4-dinsk.ruaschool4-dinsk.rubschool4-dinsk.russchool4-dinsk.ruoschool4-dinsk.rulschool4-dinsk.ruuschool4-dinsk.rutschool4-dinsk.rueschool4-dinsk.ru;school4-dinsk.ru school4-dinsk.rutschool4-dinsk.ruoschool4-dinsk.rupschool4-dinsk.ru:school4-dinsk.ru school4-dinsk.ru-school4-dinsk.ru9school4-dinsk.ru9school4-dinsk.ru9school4-dinsk.ru9school4-dinsk.rupschool4-dinsk.ruxschool4-dinsk.ru;school4-dinsk.ru school4-dinsk.rulschool4-dinsk.rueschool4-dinsk.rufschool4-dinsk.rutschool4-dinsk.ru:school4-dinsk.ru school4-dinsk.ru-school4-dinsk.ru9school4-dinsk.ru9school4-dinsk.ru9school4-dinsk.ru9school4-dinsk.rupschool4-dinsk.ruxschool4-dinsk.ru;school4-dinsk.ru\"school4-dinsk.ru>school4-dinsk.rupschool4-dinsk.ruischool4-dinsk.runschool4-dinsk.rukschool4-dinsk.ruoschool4-dinsk.ru school4-dinsk.ru\u043aschool4-dinsk.ru\u0430school4-dinsk.ru\u0437school4-dinsk.ru\u0438school4-dinsk.ru\u043dschool4-dinsk.ru\u043eschool4-dinsk.ru<school4-dinsk.ru\/school4-dinsk.ruaschool4-dinsk.ru>school4-dinsk.ru<\/p>\n<div style=\"position: absolute; left: -9966px;\">\n<p><a href=\"https:\/\/jeffmalpas.com\/\">pin-up<\/a> casino az<\/p>\n<\/div>\n<div style=\"position: absolute; left: -9966px;\">\n<p><a href=\"https:\/\/jeffmalpas.com\/\">pin-up<\/a> casino az<\/p>\n<\/div>\n<div style=\"position: absolute; left: -9966px;\">\n<p><a href=\"https:\/\/jeffmalpas.com\/\">pin-up<\/a> casino az<\/p>\n<\/div>\n<div style=\"position: absolute; left: -9966px;\">\n<p><a href=\"https:\/\/jeffmalpas.com\/\">pin-up<\/a> casino az<\/p>\n<\/div>\n<p><a href=\"https:\/\/mirniy-sp.ru\/\" style=\u201cposition: absolute; top: -9999px; left: -9999px;\u201c>1win \u0437\u0435\u0440\u043a\u0430\u043b\u043e<\/a><a href=\"https:\/\/mirniy-sp.ru\/\" style=\u201cposition: absolute; top: -9999px; left: -9999px;\u201c>1win \u0437\u0435\u0440\u043a\u0430\u043b\u043e<\/a><a href=\"https:\/\/mirniy-sp.ru\/\" style=\u201cposition: absolute; top: -9999px; left: -9999px;\u201c>1win \u0437\u0435\u0440\u043a\u0430\u043b\u043e<\/a><a href=\"https:\/\/mirniy-sp.ru\/\" style=\u201cposition: absolute; top: -9999px; left: -9999px;\u201c>1\u0432\u0438\u043d<\/a><a href=\"https:\/\/ravintolahanuman.fi\/\" style=\"position: absolute; top: -9999px; left: -9999px;\">paras nettikasino<\/a><a href=\"https:\/\/ravintolahanuman.fi\/\" style=\"position: absolute; top: -9999px; left: -9999px;\">paras nettikasino<\/a><a href=\"https:\/\/ravintolahanuman.fi\/\" style=\"position: absolute; top: -9999px; left: -9999px;\">paras nettikasino<\/a><a href=\"https:\/\/ravintolahanuman.fi\/\" style=\"position: absolute; top: -9999px; left: -9999px;\">paras nettikasino<\/a><a href=\"https:\/\/ravintolahanuman.fi\/\" style=\"position: absolute; top: -9999px; left: -9999px;\">paras nettikasino<\/a><a href=\"https:\/\/eggsinc.se\/\" style=\"position: absolute; top: -9999px; left: -9999px;\">utl\u00e4ndska casino<\/a><a href=\"https:\/\/eggsinc.se\/\" style=\"position: absolute; top: -9999px; left: -9999px;\">utl\u00e4ndska casino<\/a><a href=\"https:\/\/eggsinc.se\/\" style=\"position: absolute; top: -9999px; left: -9999px;\">utl\u00e4ndska casino<\/a><a href=\"https:\/\/eggsinc.se\/\" style=\"position: absolute; top: -9999px; left: -9999px;\">utl\u00e4ndska casino<\/a><\/p>\n<div style=\"position: absolute; left: -9966px;\"><a href=\"https:\/\/passportintime.com\/\">nya casino utan svensk licens<\/a><\/div>\n<div style=\"position: absolute; left: -9966px;\"><a href=\"https:\/\/passportintime.com\/\">nya casino utan svensk licens<\/a><\/div>\n<div style=\"position: absolute; left: -9966px;\"><a href=\"https:\/\/passportintime.com\/\">nya casino utan svensk licens<\/a><\/div>\n<div style=\"position: absolute; left: -9966px;\"><a href=\"https:\/\/passportintime.com\/\">nya casino utan svensk licens<\/a><\/div>\n<div style=\"position: absolute; left: -9966px;\"><a href=\"https:\/\/ravintolahanuman.fi\/\">uudet nettikasino ilman rekister\u00f6itymist\u00e4<\/a><\/div>\n<div style=\"position: absolute; left: -9966px;\"><a href=\"https:\/\/ravintolahanuman.fi\/\">uudet nettikasino ilman rekister\u00f6itymist\u00e4<\/a><\/div>\n<div style=\"position: absolute; left: -9966px;\"><a href=\"https:\/\/ravintolahanuman.fi\/\">uudet nettikasino ilman rekister\u00f6itymist\u00e4<\/a><\/div>\n<div style=\"position: absolute; left: -9966px;\"><a href=\"https:\/\/ravintolahanuman.fi\/\">uudet nettikasino ilman rekister\u00f6itymist\u00e4<\/a><\/div>\n<p><a href=\"https:\/\/mostbet-bonus-online.cz\/\">Mostbet bonus<\/a> by m\u011bl m\u00edt f\u00e9rov\u00e9 podm\u00ednky pro v\u0161echny hr\u00e1\u010de, bez diskriminace podle zem\u011b p\u016fvodu.<a href=\"https:\/\/mostbet-bonus-online.cz\/\">Mostbet bonus<\/a> by m\u011bl m\u00edt f\u00e9rov\u00e9 podm\u00ednky pro v\u0161echny hr\u00e1\u010de, bez diskriminace podle zem\u011b p\u016fvodu.<a href=\"https:\/\/mostbet-bonus-online.cz\/\">Mostbet bonus<\/a> by m\u011bl m\u00edt f\u00e9rov\u00e9 podm\u00ednky pro v\u0161echny hr\u00e1\u010de, bez diskriminace podle zem\u011b p\u016fvodu.<a href=\"https:\/\/mostbet-bonus-online.cz\/\">Mostbet bonus<\/a> by m\u011bl m\u00edt f\u00e9rov\u00e9 podm\u00ednky pro v\u0161echny hr\u00e1\u010de, bez diskriminace podle zem\u011b p\u016fvodu.<a href=\"https:\/\/mostbet-bonus-online.cz\/\">Mostbet bonus<\/a> by m\u011bl m\u00edt f\u00e9rov\u00e9 podm\u00ednky pro v\u0161echny hr\u00e1\u010de, bez diskriminace podle zem\u011b p\u016fvodu.<\/p>\n<div style=\"position: absolute; left: -9966px;\"><a href=\"https:\/\/eggsinc.se\/\">utl\u00e4ndska casino utan svensk licens<\/a><\/div>\n<div style=\"position: absolute; left: -9966px;\"><a href=\"https:\/\/eggsinc.se\/\">utl\u00e4ndska casino utan svensk licens<\/a><\/div>\n<div style=\"position: absolute; left: -9966px;\"><a href=\"https:\/\/eggsinc.se\/\">utl\u00e4ndska casino utan svensk licens<\/a><\/div>\n<div style=\"position: absolute; left: -9966px;\"><a href=\"https:\/\/eggsinc.se\/\">utl\u00e4ndska casino utan svensk licens<\/a><\/div>\n<div style=\"position: absolute; left: -9966px;\"><a href=\"https:\/\/eggsinc.se\/\">utl\u00e4ndska casino utan svensk licens<\/a><\/div>\n","protected":false},"excerpt":{"rendered":"<p>About Pi Curabitur condimentum vitae donec justo a vestibulum elit pulvinar eget sapien metus quis consectetur at egestas. At vitae cum a tincidunt imperdiet adipiscing ut ullamcorper tellus ullamcorper fusce suspendisse consequat eu a condimentum cladimentum ad gravida. casino utan svensk licens casino utan svensk licens casino utan svensk licens casino utan svensk licens casino [&hellip;]<\/p>\n","protected":false},"author":1,"featured_media":0,"parent":0,"menu_order":0,"comment_status":"closed","ping_status":"open","template":"home.php","meta":{"footnotes":""},"class_list":["post-18","page","type-page","status-publish","hentry"],"_links":{"self":[{"href":"https:\/\/pipltd.ie\/index.php?rest_route=\/wp\/v2\/pages\/18"}],"collection":[{"href":"https:\/\/pipltd.ie\/index.php?rest_route=\/wp\/v2\/pages"}],"about":[{"href":"https:\/\/pipltd.ie\/index.php?rest_route=\/wp\/v2\/types\/page"}],"author":[{"embeddable":true,"href":"https:\/\/pipltd.ie\/index.php?rest_route=\/wp\/v2\/users\/1"}],"replies":[{"embeddable":true,"href":"https:\/\/pipltd.ie\/index.php?rest_route=%2Fwp%2Fv2%2Fcomments&post=18"}],"version-history":[{"count":93,"href":"https:\/\/pipltd.ie\/index.php?rest_route=\/wp\/v2\/pages\/18\/revisions"}],"predecessor-version":[{"id":25912,"href":"https:\/\/pipltd.ie\/index.php?rest_route=\/wp\/v2\/pages\/18\/revisions\/25912"}],"wp:attachment":[{"href":"https:\/\/pipltd.ie\/index.php?rest_route=%2Fwp%2Fv2%2Fmedia&parent=18"}],"curies":[{"name":"wp","href":"https:\/\/api.w.org\/{rel}","templated":true}]}}